{"id":21,"date":"2026-03-16T19:10:04","date_gmt":"2026-03-16T18:10:04","guid":{"rendered":"https:\/\/mlodapolitologia.org\/opis-2\/"},"modified":"2026-04-23T16:35:25","modified_gmt":"2026-04-23T14:35:25","slug":"opis-2","status":"publish","type":"page","link":"https:\/\/mlodapolitologia.org\/en\/opis-2\/","title":{"rendered":"Submissions"},"content":{"rendered":"<p class=\"wp-block-paragraph\"><strong>Key terms<\/strong><\/p>\n\n\n\n<ul class=\"wp-block-list\">\n<li>Do 4 maja 2026: Nadsy\u0142anie zg\u0142osze\u0144 i abstrakt\u00f3w<\/li>\n\n\n\n<li>Do 10 maja 2026: Og\u0142oszenie listy przyj\u0119tych referat\u00f3w<\/li>\n\n\n\n<li>By May 18, 2026: Publication of the detailed program<\/li>\n\n\n\n<li>By May 22, 2026: Deadline for submitting full texts of papers<\/li>\n<\/ul>\n\n\n\n<p class=\"has-text-align-left wp-block-paragraph\"><strong>Application form:<\/strong><\/p>\n\n\n\n<p class=\"wp-block-paragraph\">Paper submissions are accepted via an electronic form. Submitted papers will be subject to merit-based review. We do not plan to accept closed-panel submissions. The organizers will announce the list of accepted papers within the specified timeframe.<\/p>\n\n\n\n<div class=\"wp-block-buttons is-layout-flex wp-block-buttons-is-layout-flex\">\n<div class=\"wp-block-button\"><a class=\"wp-block-button__link has-text-align-center wp-element-button\" href=\"https:\/\/forms.office.com\/e\/JNVAD0Vy09\">Submit a request<\/a><\/div>\n<\/div>","protected":false},"excerpt":{"rendered":"<p>Kluczowe terminy Formularz zg\u0142oszeniowy: Zg\u0142oszenie referatu odbywa si\u0119 poprzez formularz elektroniczny. Nades\u0142ane zg\u0142oszenia b\u0119d\u0105 podlega\u0142y weryfikacji merytorycznej. Nie przewidujemy zg\u0142aszania paneli zamkni\u0119tych. Organizatorzy og\u0142osz\u0105 list\u0119 przyj\u0119tych referat\u00f3w we wskazanym terminie.<\/p>","protected":false},"author":278536326,"featured_media":0,"parent":0,"menu_order":0,"comment_status":"closed","ping_status":"closed","template":"","meta":{"_crdt_document":"","advanced_seo_description":"","jetpack_seo_html_title":"","jetpack_seo_noindex":false,"footnotes":""},"class_list":["post-21","page","type-page","status-publish","hentry"],"jetpack_likes_enabled":true,"jetpack_sharing_enabled":true,"jetpack_shortlink":"https:\/\/wp.me\/Ph9mBw-l","jetpack-related-posts":[],"_links":{"self":[{"href":"https:\/\/mlodapolitologia.org\/en\/wp-json\/wp\/v2\/pages\/21","targetHints":{"allow":["GET"]}}],"collection":[{"href":"https:\/\/mlodapolitologia.org\/en\/wp-json\/wp\/v2\/pages"}],"about":[{"href":"https:\/\/mlodapolitologia.org\/en\/wp-json\/wp\/v2\/types\/page"}],"author":[{"embeddable":true,"href":"https:\/\/mlodapolitologia.org\/en\/wp-json\/wp\/v2\/users\/278536326"}],"replies":[{"embeddable":true,"href":"https:\/\/mlodapolitologia.org\/en\/wp-json\/wp\/v2\/comments?post=21"}],"version-history":[{"count":10,"href":"https:\/\/mlodapolitologia.org\/en\/wp-json\/wp\/v2\/pages\/21\/revisions"}],"predecessor-version":[{"id":234,"href":"https:\/\/mlodapolitologia.org\/en\/wp-json\/wp\/v2\/pages\/21\/revisions\/234"}],"wp:attachment":[{"href":"https:\/\/mlodapolitologia.org\/en\/wp-json\/wp\/v2\/media?parent=21"}],"curies":[{"name":"wp","href":"https:\/\/api.w.org\/{rel}","templated":true}]}}